{"id":1012,"date":"2023-08-10T14:11:29","date_gmt":"2023-08-10T13:11:29","guid":{"rendered":"https:\/\/www.mcos.be\/?page_id=1012"},"modified":"2025-03-14T09:53:40","modified_gmt":"2025-03-14T08:53:40","slug":"contact","status":"publish","type":"page","link":"https:\/\/www.mcos.be\/en\/contact\/","title":{"rendered":"Contact"},"content":{"rendered":"<p>[et_pb_section fb_built=&#8221;1&#8243; _builder_version=&#8221;4.21.2&#8243; _module_preset=&#8221;default&#8221; custom_padding=&#8221;0px||0px||false|false&#8221; global_colors_info=&#8221;{}&#8221;][et_pb_row _builder_version=&#8221;4.21.2&#8243; _module_preset=&#8221;default&#8221; global_colors_info=&#8221;{}&#8221;][et_pb_column type=&#8221;4_4&#8243; _builder_version=&#8221;4.21.2&#8243; _module_preset=&#8221;default&#8221; global_colors_info=&#8221;{}&#8221;][et_pb_text _builder_version=&#8221;4.21.2&#8243; _module_preset=&#8221;default&#8221;]<\/p>\n<h1 style=\"text-align: center;\">Me contacter<\/h1>\n<p>[\/et_pb_text][\/et_pb_column][\/et_pb_row][\/et_pb_section][et_pb_section fb_built=&#8221;1&#8243; _builder_version=&#8221;4.26.1&#8243; _module_preset=&#8221;default&#8221; global_colors_info=&#8221;{}&#8221;][et_pb_row _builder_version=&#8221;4.26.1&#8243; _module_preset=&#8221;default&#8221; global_colors_info=&#8221;{}&#8221;][et_pb_column type=&#8221;4_4&#8243; _builder_version=&#8221;4.26.1&#8243; _module_preset=&#8221;default&#8221; global_colors_info=&#8221;{}&#8221;][et_pb_text _builder_version=&#8221;4.26.1&#8243; _module_preset=&#8221;default&#8221; global_colors_info=&#8221;{}&#8221;]<\/p>\n<p>R\u00e9server une date\u00a0<\/p>\n<p>Quelque soit votre projet, n&#8217;h\u00e9sitez pas \u00e0 m&#8217;envoyer un message pour m&#8217;en parler, me demander mes disponibilit\u00e9s ou les d\u00e9tails de mes prestations.<\/p>\n<p>Plus j&#8217;ai de d\u00e9tails et plus il me sera simple d&#8217;y r\u00e9pondre.<\/p>\n<p>[\/et_pb_text][\/et_pb_column][\/et_pb_row][\/et_pb_section][et_pb_section fb_built=&#8221;1&#8243; _builder_version=&#8221;4.21.2&#8243; _module_preset=&#8221;default&#8221; custom_padding=&#8221;0px||0px||false|false&#8221; global_colors_info=&#8221;{}&#8221;][et_pb_row column_structure=&#8221;3_5,2_5&#8243; _builder_version=&#8221;4.21.2&#8243; _module_preset=&#8221;default&#8221; custom_padding=&#8221;35px|35px|35px|35px|false|false&#8221; box_shadow_style=&#8221;preset3&#8243; global_colors_info=&#8221;{}&#8221;][et_pb_column type=&#8221;3_5&#8243; _builder_version=&#8221;4.21.2&#8243; _module_preset=&#8221;default&#8221; global_colors_info=&#8221;{}&#8221;][dvppl_cf7_styler use_form_button_fullwidth=&#8221;on&#8221; cf7=&#8221;638&#8243; _builder_version=&#8221;4.21.2&#8243; _module_preset=&#8221;default&#8221; form_field_font_font_size=&#8221;20px&#8221; labels_font_size=&#8221;22px&#8221; global_colors_info=&#8221;{}&#8221;][\/dvppl_cf7_styler][\/et_pb_column][et_pb_column type=&#8221;2_5&#8243; _builder_version=&#8221;4.21.2&#8243; _module_preset=&#8221;default&#8221; global_colors_info=&#8221;{}&#8221;][\/et_pb_column][\/et_pb_row][\/et_pb_section]<\/p>","protected":false},"excerpt":{"rendered":"<p>Me contacterR\u00e9server une date\u00a0 Quelque soit votre projet, n&#8217;h\u00e9sitez pas \u00e0 m&#8217;envoyer un message pour m&#8217;en parler, me demander mes disponibilit\u00e9s ou les d\u00e9tails de mes prestations. Plus j&#8217;ai de d\u00e9tails et plus il me sera simple d&#8217;y r\u00e9pondre.<div class=\"et_pb_module dvppl_cf7_styler dvppl_cf7_styler_0\">\n\t\t\t\t\n\t\t\t\t\n\t\t\t\t\n\t\t\t\t\n\t\t\t\t\n\t\t\t\t\n\t\t\t\t<div class=\"et_pb_module_inner\">\n\t\t\t\t\t<div class=\"dipe-cf7-container dipe-cf7-button-fullwidth\">\n\t\t\t\t\n\t\t\t\t<div class=\"dipe-cf7 dipe-cf7-styler\">\n\t\t\t\t\t\n<div class=\"wpcf7 no-js\" id=\"wpcf7-f638-o1\" lang=\"en-GB\" dir=\"ltr\" data-wpcf7-id=\"638\">\n<div class=\"screen-reader-response\"><p role=\"status\" aria-live=\"polite\" aria-atomic=\"true\"><\/p> <ul><\/ul><\/div>\n<form action=\"\/en\/wp-json\/wp\/v2\/pages\/1012#wpcf7-f638-o1\" method=\"post\" class=\"wpcf7-form init\" aria-label=\"Contact form\" novalidate=\"novalidate\" data-status=\"init\" data-trp-original-action=\"\/en\/wp-json\/wp\/v2\/pages\/1012#wpcf7-f638-o1\">\n<div style=\"display: none;\">\n<input type=\"hidden\" name=\"_wpcf7\" value=\"638\" \/>\n<input type=\"hidden\" name=\"_wpcf7_version\" value=\"6.0.5\" \/>\n<input type=\"hidden\" name=\"_wpcf7_locale\" value=\"en_GB\" \/>\n<input type=\"hidden\" name=\"_wpcf7_unit_tag\" value=\"wpcf7-f638-o1\" \/>\n<input type=\"hidden\" name=\"_wpcf7_container_post\" value=\"0\" \/>\n<input type=\"hidden\" name=\"_wpcf7_posted_data_hash\" value=\"\" \/>\n<input type=\"hidden\" name=\"_wpcf7_recaptcha_response\" value=\"\" \/>\n<\/div>\n<label> Pr\u00e9nom :\n    <span class=\"wpcf7-form-control-wrap\" data-name=\"client-firstname\"><input size=\"40\" maxlength=\"400\" class=\"wpcf7-form-control wpcf7-text wpcf7-validates-as-required\" aria-required=\"true\" aria-invalid=\"false\" placeholder=\"Votre pr\u00e9nom\" value=\"\" type=\"text\" name=\"client-firstname\" \/><\/span> <\/label>\n\n<label> Nom :\n    <span class=\"wpcf7-form-control-wrap\" data-name=\"client-name\"><input size=\"40\" maxlength=\"400\" class=\"wpcf7-form-control wpcf7-text wpcf7-validates-as-required\" aria-required=\"true\" aria-invalid=\"false\" placeholder=\"Votre nom\" value=\"\" type=\"text\" name=\"client-name\" \/><\/span> <\/label>\n\n<label> Pr\u00e9nom conjoint(e) :\n    <span class=\"wpcf7-form-control-wrap\" data-name=\"conjoint-firstname\"><input size=\"40\" maxlength=\"400\" class=\"wpcf7-form-control wpcf7-text\" aria-invalid=\"false\" placeholder=\"Pr\u00e9nom conjoint(e)\" value=\"\" type=\"text\" name=\"conjoint-firstname\" \/><\/span> <\/label>\n\n<label> Nom conjoint(e) :\n    <span class=\"wpcf7-form-control-wrap\" data-name=\"conjoint-name\"><input size=\"40\" maxlength=\"400\" class=\"wpcf7-form-control wpcf7-text\" aria-invalid=\"false\" placeholder=\"Nom conjoint(e)\" value=\"\" type=\"text\" name=\"conjoint-name\" \/><\/span> <\/label>\n\n<label> Email :\n    <span class=\"wpcf7-form-control-wrap\" data-name=\"client-email\"><input size=\"40\" maxlength=\"400\" class=\"wpcf7-form-control wpcf7-email wpcf7-validates-as-required wpcf7-text wpcf7-validates-as-email\" aria-required=\"true\" aria-invalid=\"false\" placeholder=\"Votre email\" value=\"\" type=\"email\" name=\"client-email\" \/><\/span> <\/label>\n\n<label> Num\u00e9ro de t\u00e9l\u00e9phone :\n    <span class=\"wpcf7-form-control-wrap\" data-name=\"client-phone\"><input size=\"40\" maxlength=\"400\" class=\"wpcf7-form-control wpcf7-tel wpcf7-validates-as-required wpcf7-text wpcf7-validates-as-tel\" aria-required=\"true\" aria-invalid=\"false\" placeholder=\"Votre num\u00e9ro de t\u00e9l\u00e9phone\" value=\"\" type=\"tel\" name=\"client-phone\" \/><\/span> <\/label>\n\n<label> Date de l'\u00e9v\u00e8nement :\n    <span class=\"wpcf7-form-control-wrap\" data-name=\"event-date\"><input class=\"wpcf7-form-control wpcf7-date wpcf7-validates-as-required wpcf7-validates-as-date\" min=\"2024-07-01\" aria-required=\"true\" aria-invalid=\"false\" placeholder=\"S\u00e9lectionnez une date\" value=\"\" type=\"date\" name=\"event-date\" \/><\/span> <\/label>\n\n<label> Lieu \/ Ville :\n    <span class=\"wpcf7-form-control-wrap\" data-name=\"event-location\"><input size=\"40\" maxlength=\"400\" class=\"wpcf7-form-control wpcf7-text\" aria-invalid=\"false\" placeholder=\"Lieu \/ Ville de votre \u00e9v\u00e8nement\" value=\"\" type=\"text\" name=\"event-location\" \/><\/span> <\/label>\n\nType d'\u00e9v\u00e8nement :\n<span class=\"wpcf7-form-control-wrap\" data-name=\"event-type\"><span class=\"wpcf7-form-control wpcf7-checkbox wpcf7-validates-as-required\"><span class=\"wpcf7-list-item first\"><label><input type=\"checkbox\" name=\"event-type[]\" value=\"Mariage\" \/><span class=\"wpcf7-list-item-label\">Mariage<\/span><\/label><\/span><span class=\"wpcf7-list-item\"><label><input type=\"checkbox\" name=\"event-type[]\" value=\"Familiale (bapt\u00eame, communion, anniversaire, ...)\" \/><span class=\"wpcf7-list-item-label\">Familiale (bapt\u00eame, communion, anniversaire, ...)<\/span><\/label><\/span><span class=\"wpcf7-list-item\"><label><input type=\"checkbox\" name=\"event-type[]\" value=\"Grossesse \/ Naissance\" \/><span class=\"wpcf7-list-item-label\">Grossesse \/ Naissance<\/span><\/label><\/span><span class=\"wpcf7-list-item\"><label><input type=\"checkbox\" name=\"event-type[]\" value=\"Portrait (individuel, couple, famille, groupe)\" \/><span class=\"wpcf7-list-item-label\">Portrait (individuel, couple, famille, groupe)<\/span><\/label><\/span><span class=\"wpcf7-list-item\"><label><input type=\"checkbox\" name=\"event-type[]\" value=\"Iris\" \/><span class=\"wpcf7-list-item-label\">Iris<\/span><\/label><\/span><span class=\"wpcf7-list-item\"><label><input type=\"checkbox\" name=\"event-type[]\" value=\"Social (Refonte profil, ...)\" \/><span class=\"wpcf7-list-item-label\">Social (Refonte profil, ...)<\/span><\/label><\/span><span class=\"wpcf7-list-item\"><label><input type=\"checkbox\" name=\"event-type[]\" value=\"Artistique (Boudoir, Danse, ...)\" \/><span class=\"wpcf7-list-item-label\">Artistique (Boudoir, Danse, ...)<\/span><\/label><\/span><span class=\"wpcf7-list-item last\"><label><input type=\"checkbox\" name=\"event-type[]\" value=\"Autre \/ Pas concern\u00e9\" \/><span class=\"wpcf7-list-item-label\">Autre \/ Pas concern\u00e9<\/span><\/label><\/span><\/span><\/span>\n\n<label> Nombre d'invit\u00e9s :\n    <span class=\"wpcf7-form-control-wrap\" data-name=\"guest-number\"><select class=\"wpcf7-form-control wpcf7-select\" aria-invalid=\"false\" name=\"guest-number\"><option value=\"\">&#8212;Please choose an option&#8212;<\/option><option value=\"0 - 50\">0 - 50<\/option><option value=\"50 - 100\">50 - 100<\/option><option value=\"100 - 150\">100 - 150<\/option><option value=\"+150\">+150<\/option><\/select><\/span> <\/label>\n\n<label> Estimation de votre budget photo :\n    <span class=\"wpcf7-form-control-wrap\" data-name=\"budget\"><input size=\"40\" maxlength=\"400\" class=\"wpcf7-form-control wpcf7-text\" aria-invalid=\"false\" placeholder=\"Consultez ma page FAQ pour conna\u00eetre mes tarifs\" value=\"\" type=\"text\" name=\"budget\" \/><\/span> <\/label>\n\n<label> Message :\n    <span class=\"wpcf7-form-control-wrap\" data-name=\"client-message\"><textarea cols=\"40\" rows=\"10\" maxlength=\"2000\" class=\"wpcf7-form-control wpcf7-textarea wpcf7-validates-as-required\" aria-required=\"true\" aria-invalid=\"false\" placeholder=\"Dites-moi tout, j&#039;aime les d\u00e9tails ! Qui \u00eates-vous, quel sera le style de votre \u00e9v\u00e8enement, qu&#039;attendez-vous de moi ... ?\" name=\"client-message\"><\/textarea><\/span> <\/label>\n\n<label> Comment m'avez-vous d\u00e9couvert ?\n    <span class=\"wpcf7-form-control-wrap\" data-name=\"origine\"><input size=\"40\" maxlength=\"400\" class=\"wpcf7-form-control wpcf7-text\" aria-invalid=\"false\" placeholder=\"Recherche Google \/ recommandation \/ instagram \/ r\u00e9seaux social\" value=\"\" type=\"text\" name=\"origine\" \/><\/span> <\/label>\n\n<span class=\"wpcf7-form-control-wrap\" data-name=\"mentions\"><span class=\"wpcf7-form-control wpcf7-acceptance\"><span class=\"wpcf7-list-item\"><label><input type=\"checkbox\" name=\"mentions\" value=\"1\" aria-invalid=\"false\" \/><span class=\"wpcf7-list-item-label\">En cochant cette case, vous confirmez avoir lu et accept\u00e9 les\u2002<a href=\"https:\/\/www.mcos.be\/en\/mentions\/\" target=\"_blank\" rel=\"noopener noreferrer\">Conditions d'Utilisation & Politiques de Confidentialit\u00e9<\/a>.<\/span><\/label><\/span><\/span><\/span>\n\n<input class=\"wpcf7-form-control wpcf7-submit has-spinner\" type=\"submit\" value=\"Envoyer\" \/><p style=\"display: none !important;\" class=\"akismet-fields-container\" data-prefix=\"_wpcf7_ak_\"><label>&#916;<textarea name=\"_wpcf7_ak_hp_textarea\" cols=\"45\" rows=\"8\" maxlength=\"100\"><\/textarea><\/label><input type=\"hidden\" id=\"ak_js_1\" name=\"_wpcf7_ak_js\" value=\"81\"\/><script>document.getElementById( \"ak_js_1\" ).setAttribute( \"value\", ( new Date() ).getTime() );<\/script><\/p><div class=\"wpcf7-response-output\" aria-hidden=\"true\"><\/div>\n<input type=\"hidden\" name=\"trp-form-language\" value=\"en\"\/><\/form>\n<\/div>\n\n\t\t\t\t<\/div>\n\t\t\t<\/div>\n\t\t\t\t<\/div>\n\t\t\t<\/div><\/p>","protected":false},"author":1,"featured_media":0,"parent":0,"menu_order":0,"comment_status":"closed","ping_status":"closed","template":"","meta":{"_et_pb_use_builder":"on","_et_pb_old_content":"","_et_gb_content_width":"","footnotes":""},"class_list":["post-1012","page","type-page","status-publish","hentry"],"yoast_head":"<!-- This site is optimized with the Yoast SEO plugin v26.4 - https:\/\/yoast.com\/wordpress\/plugins\/seo\/ -->\n<title>Contact - MCOS Photography<\/title>\n<meta name=\"robots\" content=\"index, follow, max-snippet:-1, max-image-preview:large, max-video-preview:-1\" \/>\n<link rel=\"canonical\" href=\"https:\/\/www.mcos.be\/en\/contact\/\" \/>\n<meta property=\"og:locale\" content=\"en_GB\" \/>\n<meta property=\"og:type\" content=\"article\" \/>\n<meta property=\"og:title\" content=\"Contact - MCOS Photography\" \/>\n<meta property=\"og:description\" content=\"Me contacterR\u00e9server une date\u00a0 Quelque soit votre projet, n&#039;h\u00e9sitez pas \u00e0 m&#039;envoyer un message pour m&#039;en parler, me demander mes disponibilit\u00e9s ou les d\u00e9tails de mes prestations. Plus j&#039;ai de d\u00e9tails et plus il me sera simple d&#039;y r\u00e9pondre.\" \/>\n<meta property=\"og:url\" content=\"https:\/\/www.mcos.be\/en\/contact\/\" \/>\n<meta property=\"og:site_name\" content=\"MCOS Photography\" \/>\n<meta property=\"article:publisher\" content=\"https:\/\/www.facebook.com\/CyrilleMCOS\/\" \/>\n<meta property=\"article:modified_time\" content=\"2025-03-14T08:53:40+00:00\" \/>\n<meta name=\"twitter:card\" content=\"summary_large_image\" \/>\n<meta name=\"twitter:site\" content=\"@CyrilleMcos\" \/>\n<script type=\"application\/ld+json\" class=\"yoast-schema-graph\">{\"@context\":\"https:\/\/schema.org\",\"@graph\":[{\"@type\":\"WebPage\",\"@id\":\"https:\/\/www.mcos.be\/contact\/\",\"url\":\"https:\/\/www.mcos.be\/contact\/\",\"name\":\"Contact - MCOS Photography\",\"isPartOf\":{\"@id\":\"https:\/\/www.mcos.be\/#website\"},\"datePublished\":\"2023-08-10T13:11:29+00:00\",\"dateModified\":\"2025-03-14T08:53:40+00:00\",\"breadcrumb\":{\"@id\":\"https:\/\/www.mcos.be\/contact\/#breadcrumb\"},\"inLanguage\":\"en-GB\",\"potentialAction\":[{\"@type\":\"ReadAction\",\"target\":[\"https:\/\/www.mcos.be\/contact\/\"]}]},{\"@type\":\"BreadcrumbList\",\"@id\":\"https:\/\/www.mcos.be\/contact\/#breadcrumb\",\"itemListElement\":[{\"@type\":\"ListItem\",\"position\":1,\"name\":\"Home\",\"item\":\"https:\/\/www.mcos.be\/\"},{\"@type\":\"ListItem\",\"position\":2,\"name\":\"Contact\"}]},{\"@type\":\"WebSite\",\"@id\":\"https:\/\/www.mcos.be\/#website\",\"url\":\"https:\/\/www.mcos.be\/\",\"name\":\"MCOS Photography\",\"description\":\"Cyrille Pastorek - Photographe de Mariage et de Famille\",\"publisher\":{\"@id\":\"https:\/\/www.mcos.be\/#organization\"},\"potentialAction\":[{\"@type\":\"SearchAction\",\"target\":{\"@type\":\"EntryPoint\",\"urlTemplate\":\"https:\/\/www.mcos.be\/?s={search_term_string}\"},\"query-input\":{\"@type\":\"PropertyValueSpecification\",\"valueRequired\":true,\"valueName\":\"search_term_string\"}}],\"inLanguage\":\"en-GB\"},{\"@type\":\"Organization\",\"@id\":\"https:\/\/www.mcos.be\/#organization\",\"name\":\"Multi Challenge One Solution SRL\",\"url\":\"https:\/\/www.mcos.be\/\",\"logo\":{\"@type\":\"ImageObject\",\"inLanguage\":\"en-GB\",\"@id\":\"https:\/\/www.mcos.be\/#\/schema\/logo\/image\/\",\"url\":\"https:\/\/www.mcos.be\/wp-content\/uploads\/2024\/07\/cyrille-pastorek-mcos-photography-logo-600x300-1.webp\",\"contentUrl\":\"https:\/\/www.mcos.be\/wp-content\/uploads\/2024\/07\/cyrille-pastorek-mcos-photography-logo-600x300-1.webp\",\"width\":601,\"height\":301,\"caption\":\"Multi Challenge One Solution SRL\"},\"image\":{\"@id\":\"https:\/\/www.mcos.be\/#\/schema\/logo\/image\/\"},\"sameAs\":[\"https:\/\/www.facebook.com\/CyrilleMCOS\/\",\"https:\/\/x.com\/CyrilleMcos\",\"https:\/\/www.instagram.com\/cyrille_mcos\/\",\"https:\/\/www.linkedin.com\/in\/pastorekcyrille\/\"]}]}<\/script>\n<!-- \/ Yoast SEO plugin. -->","yoast_head_json":{"title":"Contact - MCOS Photography","robots":{"index":"index","follow":"follow","max-snippet":"max-snippet:-1","max-image-preview":"max-image-preview:large","max-video-preview":"max-video-preview:-1"},"canonical":"https:\/\/www.mcos.be\/en\/contact\/","og_locale":"en_GB","og_type":"article","og_title":"Contact - MCOS Photography","og_description":"Me contacterR\u00e9server une date\u00a0 Quelque soit votre projet, n'h\u00e9sitez pas \u00e0 m'envoyer un message pour m'en parler, me demander mes disponibilit\u00e9s ou les d\u00e9tails de mes prestations. Plus j'ai de d\u00e9tails et plus il me sera simple d'y r\u00e9pondre.","og_url":"https:\/\/www.mcos.be\/en\/contact\/","og_site_name":"MCOS Photography","article_publisher":"https:\/\/www.facebook.com\/CyrilleMCOS\/","article_modified_time":"2025-03-14T08:53:40+00:00","twitter_card":"summary_large_image","twitter_site":"@CyrilleMcos","schema":{"@context":"https:\/\/schema.org","@graph":[{"@type":"WebPage","@id":"https:\/\/www.mcos.be\/contact\/","url":"https:\/\/www.mcos.be\/contact\/","name":"Contact - MCOS Photography","isPartOf":{"@id":"https:\/\/www.mcos.be\/#website"},"datePublished":"2023-08-10T13:11:29+00:00","dateModified":"2025-03-14T08:53:40+00:00","breadcrumb":{"@id":"https:\/\/www.mcos.be\/contact\/#breadcrumb"},"inLanguage":"en-GB","potentialAction":[{"@type":"ReadAction","target":["https:\/\/www.mcos.be\/contact\/"]}]},{"@type":"BreadcrumbList","@id":"https:\/\/www.mcos.be\/contact\/#breadcrumb","itemListElement":[{"@type":"ListItem","position":1,"name":"Home","item":"https:\/\/www.mcos.be\/"},{"@type":"ListItem","position":2,"name":"Contact"}]},{"@type":"WebSite","@id":"https:\/\/www.mcos.be\/#website","url":"https:\/\/www.mcos.be\/","name":"MCOS Photography","description":"Cyrille Pastorek - Photographe de Mariage et de Famille","publisher":{"@id":"https:\/\/www.mcos.be\/#organization"},"potentialAction":[{"@type":"SearchAction","target":{"@type":"EntryPoint","urlTemplate":"https:\/\/www.mcos.be\/?s={search_term_string}"},"query-input":{"@type":"PropertyValueSpecification","valueRequired":true,"valueName":"search_term_string"}}],"inLanguage":"en-GB"},{"@type":"Organization","@id":"https:\/\/www.mcos.be\/#organization","name":"Multi Challenge One Solution SRL","url":"https:\/\/www.mcos.be\/","logo":{"@type":"ImageObject","inLanguage":"en-GB","@id":"https:\/\/www.mcos.be\/#\/schema\/logo\/image\/","url":"https:\/\/www.mcos.be\/wp-content\/uploads\/2024\/07\/cyrille-pastorek-mcos-photography-logo-600x300-1.webp","contentUrl":"https:\/\/www.mcos.be\/wp-content\/uploads\/2024\/07\/cyrille-pastorek-mcos-photography-logo-600x300-1.webp","width":601,"height":301,"caption":"Multi Challenge One Solution SRL"},"image":{"@id":"https:\/\/www.mcos.be\/#\/schema\/logo\/image\/"},"sameAs":["https:\/\/www.facebook.com\/CyrilleMCOS\/","https:\/\/x.com\/CyrilleMcos","https:\/\/www.instagram.com\/cyrille_mcos\/","https:\/\/www.linkedin.com\/in\/pastorekcyrille\/"]}]}},"_links":{"self":[{"href":"https:\/\/www.mcos.be\/en\/wp-json\/wp\/v2\/pages\/1012","targetHints":{"allow":["GET"]}}],"collection":[{"href":"https:\/\/www.mcos.be\/en\/wp-json\/wp\/v2\/pages"}],"about":[{"href":"https:\/\/www.mcos.be\/en\/wp-json\/wp\/v2\/types\/page"}],"author":[{"embeddable":true,"href":"https:\/\/www.mcos.be\/en\/wp-json\/wp\/v2\/users\/1"}],"replies":[{"embeddable":true,"href":"https:\/\/www.mcos.be\/en\/wp-json\/wp\/v2\/comments?post=1012"}],"version-history":[{"count":6,"href":"https:\/\/www.mcos.be\/en\/wp-json\/wp\/v2\/pages\/1012\/revisions"}],"predecessor-version":[{"id":1149,"href":"https:\/\/www.mcos.be\/en\/wp-json\/wp\/v2\/pages\/1012\/revisions\/1149"}],"wp:attachment":[{"href":"https:\/\/www.mcos.be\/en\/wp-json\/wp\/v2\/media?parent=1012"}],"curies":[{"name":"wp","href":"https:\/\/api.w.org\/{rel}","templated":true}]}}