{"id":965,"date":"2023-08-10T12:42:03","date_gmt":"2023-08-10T11:42:03","guid":{"rendered":"https:\/\/www.mcos.be\/?page_id=965"},"modified":"2025-11-25T11:57:24","modified_gmt":"2025-11-25T10:57:24","slug":"studio-photo-prestige-zaventem","status":"publish","type":"page","link":"https:\/\/www.mcos.be\/en\/","title":{"rendered":"Home"},"content":{"rendered":"<p>[et_pb_section fb_built=&#8221;1&#8243; _builder_version=&#8221;4.21.2&#8243; _module_preset=&#8221;default&#8221; background_enable_color=&#8221;off&#8221; use_background_color_gradient=&#8221;on&#8221; background_color_gradient_stops=&#8221;#000000 0%|rgba(2,2,2,0) 56%&#8221; background_color_gradient_overlays_image=&#8221;on&#8221; background_image=&#8221;https:\/\/www.mcos.be\/wp-content\/uploads\/2023\/06\/2022-usa-MD-001.jpg&#8221; custom_padding=&#8221;18%||19%||false|false&#8221; global_colors_info=&#8221;{}&#8221;][et_pb_row _builder_version=&#8221;4.21.2&#8243; _module_preset=&#8221;default&#8221; global_colors_info=&#8221;{}&#8221;][et_pb_column type=&#8221;4_4&#8243; _builder_version=&#8221;4.21.2&#8243; _module_preset=&#8221;default&#8221; global_colors_info=&#8221;{}&#8221;][et_pb_text _builder_version=&#8221;4.26.1&#8243; _module_preset=&#8221;default&#8221; header_text_color=&#8221;#FFFFFF&#8221; header_4_text_color=&#8221;#FFFFFF&#8221; global_colors_info=&#8221;{}&#8221;]<\/p>\n<h1 style=\"text-align: center;\">Details make perfection, and perfection is not a detail.<\/h1>\n<h4 style=\"text-align: right;\">Leonardo da Vinci<\/h4>\n<p>[\/et_pb_text][\/et_pb_column][\/et_pb_row][\/et_pb_section][et_pb_section fb_built=&#8221;1&#8243; _builder_version=&#8221;4.21.2&#8243; _module_preset=&#8221;default&#8221; background_color=&#8221;#f7f7f7&#8243; custom_padding=&#8221;20px||20px||false|false&#8221; global_colors_info=&#8221;{}&#8221;][et_pb_row _builder_version=&#8221;4.21.2&#8243; _module_preset=&#8221;default&#8221; custom_padding=&#8221;0px||0px||false|false&#8221; global_colors_info=&#8221;{}&#8221;][et_pb_column type=&#8221;4_4&#8243; _builder_version=&#8221;4.21.2&#8243; _module_preset=&#8221;default&#8221; global_colors_info=&#8221;{}&#8221;][et_pb_text _builder_version=&#8221;4.21.2&#8243; _module_preset=&#8221;default&#8221; global_colors_info=&#8221;{}&#8221;]<\/p>\n<p style=\"text-align: center;\">Trouvez la prestation parfaite pour vous et vos besoins. <a href=\"https:\/\/www.mcos.be\/en\/prestations\/\">Voir Prestations (Packages)<\/a><\/p>\n<p>[\/et_pb_text][\/et_pb_column][\/et_pb_row][\/et_pb_section][et_pb_section fb_built=&#8221;1&#8243; _builder_version=&#8221;4.21.2&#8243; _module_preset=&#8221;default&#8221; global_colors_info=&#8221;{}&#8221;][et_pb_row column_structure=&#8221;1_3,1_3,1_3&#8243; _builder_version=&#8221;4.21.2&#8243; _module_preset=&#8221;default&#8221; global_colors_info=&#8221;{}&#8221;][et_pb_column type=&#8221;1_3&#8243; _builder_version=&#8221;4.21.2&#8243; _module_preset=&#8221;default&#8221; box_shadow_style=&#8221;preset4&#8243; box_shadow_horizontal=&#8221;0px&#8221; box_shadow_vertical=&#8221;0px&#8221; box_shadow_color=&#8221;#f9f9f9&#8243; global_colors_info=&#8221;{}&#8221;][et_pb_image src=&#8221;https:\/\/www.mcos.be\/wp-content\/uploads\/2023\/06\/photographer-icon-02.png&#8221; title_text=&#8221;photographer-icon-02&#8243; _builder_version=&#8221;4.21.2&#8243; _module_preset=&#8221;default&#8221; global_colors_info=&#8221;{}&#8221;][\/et_pb_image][et_pb_text _builder_version=&#8221;4.21.2&#8243; _module_preset=&#8221;default&#8221; global_colors_info=&#8221;{}&#8221;]<\/p>\n<h3>Reportage \/ Ev\u00e8nement<\/h3>\n<p>[\/et_pb_text][et_pb_text _builder_version=&#8221;4.21.2&#8243; _module_preset=&#8221;default&#8221; global_colors_info=&#8221;{}&#8221;]<\/p>\n<p style=\"text-align: justify;\">La photographie de reportage et d&#8217;\u00e9v\u00e8nement est une forme de storytelling qui retranscrit vos exp\u00e9rience du moment que vous passez.<\/p>\n<p>[\/et_pb_text][\/et_pb_column][et_pb_column type=&#8221;1_3&#8243; _builder_version=&#8221;4.21.2&#8243; _module_preset=&#8221;default&#8221; box_shadow_style=&#8221;preset4&#8243; box_shadow_horizontal=&#8221;0px&#8221; box_shadow_vertical=&#8221;0px&#8221; box_shadow_color=&#8221;#f9f9f9&#8243; global_colors_info=&#8221;{}&#8221;][et_pb_image src=&#8221;https:\/\/www.mcos.be\/wp-content\/uploads\/2023\/06\/photographer-icon-06.png&#8221; title_text=&#8221;photographer-icon-06&#8243; _builder_version=&#8221;4.21.2&#8243; _module_preset=&#8221;default&#8221; global_colors_info=&#8221;{}&#8221;][\/et_pb_image][et_pb_text _builder_version=&#8221;4.21.2&#8243; _module_preset=&#8221;default&#8221; global_colors_info=&#8221;{}&#8221;]<\/p>\n<h3>Portrait<\/h3>\n<p>[\/et_pb_text][et_pb_text _builder_version=&#8221;4.21.2&#8243; _module_preset=&#8221;default&#8221; global_colors_info=&#8221;{}&#8221;]<\/p>\n<p style=\"text-align: justify;\">&#8220;L\u2019une des cl\u00e9s de la r\u00e9ussite d\u2019un portrait est le lien que vous tissez avec le sujet.&#8221;<\/p>\n<p style=\"text-align: right;\">Anthony Pidgeon<\/p>\n<p>[\/et_pb_text][\/et_pb_column][et_pb_column type=&#8221;1_3&#8243; _builder_version=&#8221;4.21.2&#8243; _module_preset=&#8221;default&#8221; box_shadow_style=&#8221;preset4&#8243; box_shadow_horizontal=&#8221;0px&#8221; box_shadow_vertical=&#8221;0px&#8221; box_shadow_color=&#8221;#f9f9f9&#8243; global_colors_info=&#8221;{}&#8221;][et_pb_image src=&#8221;https:\/\/www.mcos.be\/wp-content\/uploads\/2023\/06\/photographer-icon-02.png&#8221; title_text=&#8221;photographer-icon-02&#8243; _builder_version=&#8221;4.21.2&#8243; _module_preset=&#8221;default&#8221; global_colors_info=&#8221;{}&#8221;][\/et_pb_image][et_pb_text _builder_version=&#8221;4.21.2&#8243; _module_preset=&#8221;default&#8221; global_colors_info=&#8221;{}&#8221;]<\/p>\n<h3>Mariage<\/h3>\n<p>[\/et_pb_text][et_pb_text _builder_version=&#8221;4.21.2&#8243; _module_preset=&#8221;default&#8221; global_colors_info=&#8221;{}&#8221;]<\/p>\n<p style=\"text-align: justify;\">Du premier regard \u00e0 la derni\u00e8re danse, le grand jour d\u2019un couple se pr\u00e9pare afin de capter tous les instants.<\/p>\n<p>[\/et_pb_text][\/et_pb_column][\/et_pb_row][et_pb_row column_structure=&#8221;1_3,1_3,1_3&#8243; _builder_version=&#8221;4.21.2&#8243; _module_preset=&#8221;default&#8221; global_colors_info=&#8221;{}&#8221;][et_pb_column type=&#8221;1_3&#8243; _builder_version=&#8221;4.21.2&#8243; _module_preset=&#8221;default&#8221; box_shadow_style=&#8221;preset4&#8243; box_shadow_horizontal=&#8221;0px&#8221; box_shadow_vertical=&#8221;0px&#8221; box_shadow_color=&#8221;#f9f9f9&#8243; global_colors_info=&#8221;{}&#8221;][et_pb_image src=&#8221;https:\/\/www.mcos.be\/wp-content\/uploads\/2023\/06\/photographer-icon-03.png&#8221; title_text=&#8221;photographer-icon-03&#8243; _builder_version=&#8221;4.21.2&#8243; _module_preset=&#8221;default&#8221; global_colors_info=&#8221;{}&#8221;][\/et_pb_image][et_pb_text _builder_version=&#8221;4.21.2&#8243; _module_preset=&#8221;default&#8221; global_colors_info=&#8221;{}&#8221;]<\/p>\n<h3>Culinaire<\/h3>\n<p>[\/et_pb_text][et_pb_text _builder_version=&#8221;4.21.2&#8243; _module_preset=&#8221;default&#8221; global_colors_info=&#8221;{}&#8221;]<\/p>\n<p style=\"text-align: justify;\">&#8220;L\u2019une des cl\u00e9s de la r\u00e9ussite d\u2019un portrait est le lien que vous tissez avec le sujet.&#8221;<\/p>\n<p style=\"text-align: right;\">Anthony Pidgeon<\/p>\n<p>[\/et_pb_text][\/et_pb_column][et_pb_column type=&#8221;1_3&#8243; _builder_version=&#8221;4.21.2&#8243; _module_preset=&#8221;default&#8221; box_shadow_style=&#8221;preset4&#8243; box_shadow_horizontal=&#8221;0px&#8221; box_shadow_vertical=&#8221;0px&#8221; box_shadow_color=&#8221;#f9f9f9&#8243; global_colors_info=&#8221;{}&#8221;][et_pb_image src=&#8221;https:\/\/www.mcos.be\/wp-content\/uploads\/2023\/06\/Icon-13-2.png&#8221; title_text=&#8221;Icon-13-2&#8243; _builder_version=&#8221;4.21.2&#8243; _module_preset=&#8221;default&#8221; global_colors_info=&#8221;{}&#8221;][\/et_pb_image][et_pb_text _builder_version=&#8221;4.21.2&#8243; _module_preset=&#8221;default&#8221; global_colors_info=&#8221;{}&#8221;]<\/p>\n<h3>Architecture<\/h3>\n<p>[\/et_pb_text][et_pb_text _builder_version=&#8221;4.21.2&#8243; _module_preset=&#8221;default&#8221; global_colors_info=&#8221;{}&#8221;]<\/p>\n<p style=\"text-align: justify;\">La photographie d\u2019architecture allie \u00e0 l\u2019art des enjeux commerciaux.<\/p>\n<p>[\/et_pb_text][\/et_pb_column][et_pb_column type=&#8221;1_3&#8243; _builder_version=&#8221;4.21.2&#8243; _module_preset=&#8221;default&#8221; box_shadow_style=&#8221;preset4&#8243; box_shadow_horizontal=&#8221;0px&#8221; box_shadow_vertical=&#8221;0px&#8221; box_shadow_color=&#8221;#f9f9f9&#8243; global_colors_info=&#8221;{}&#8221;][et_pb_image src=&#8221;https:\/\/www.mcos.be\/wp-content\/uploads\/2023\/06\/photographer-icon-06.png&#8221; title_text=&#8221;photographer-icon-06&#8243; _builder_version=&#8221;4.21.2&#8243; _module_preset=&#8221;default&#8221; global_colors_info=&#8221;{}&#8221;][\/et_pb_image][et_pb_text _builder_version=&#8221;4.21.2&#8243; _module_preset=&#8221;default&#8221; global_colors_info=&#8221;{}&#8221;]<\/p>\n<h3>Drone<\/h3>\n<p>[\/et_pb_text][et_pb_text _builder_version=&#8221;4.21.2&#8243; _module_preset=&#8221;default&#8221; global_colors_info=&#8221;{}&#8221;]<\/p>\n<p style=\"text-align: justify;\">La polyvalence des drones quadricopt\u00e8res donne acc\u00e8s \u00e0 des perspectives et des compositions uniques.<\/p>\n<p>[\/et_pb_text][\/et_pb_column][\/et_pb_row][et_pb_row _builder_version=&#8221;4.21.2&#8243; _module_preset=&#8221;default&#8221; global_colors_info=&#8221;{}&#8221;][et_pb_column type=&#8221;4_4&#8243; _builder_version=&#8221;4.21.2&#8243; _module_preset=&#8221;default&#8221; global_colors_info=&#8221;{}&#8221;][et_pb_button button_url=&#8221;https:\/\/www.mcos.be\/contact\/&#8221; button_text=&#8221;Discutons en ensemble&#8221; button_alignment=&#8221;center&#8221; _builder_version=&#8221;4.21.2&#8243; _module_preset=&#8221;default&#8221; global_colors_info=&#8221;{}&#8221;][\/et_pb_button][\/et_pb_column][\/et_pb_row][\/et_pb_section][et_pb_section fb_built=&#8221;1&#8243; _builder_version=&#8221;4.21.2&#8243; _module_preset=&#8221;default&#8221; background_image=&#8221;https:\/\/www.mcos.be\/wp-content\/uploads\/2023\/06\/2022-sanfrancisco-MD-001.jpg&#8221; custom_padding=&#8221;5%||30%||false|false&#8221; global_colors_info=&#8221;{}&#8221;][et_pb_row column_structure=&#8221;1_2,1_2&#8243; _builder_version=&#8221;4.21.2&#8243; _module_preset=&#8221;default&#8221; global_colors_info=&#8221;{}&#8221;][et_pb_column type=&#8221;1_2&#8243; _builder_version=&#8221;4.21.2&#8243; _module_preset=&#8221;default&#8221; global_colors_info=&#8221;{}&#8221;][\/et_pb_column][et_pb_column type=&#8221;1_2&#8243; _builder_version=&#8221;4.21.2&#8243; _module_preset=&#8221;default&#8221; global_colors_info=&#8221;{}&#8221;][et_pb_text _builder_version=&#8221;4.21.2&#8243; _module_preset=&#8221;default&#8221; header_2_text_color=&#8221;#FFFFFF&#8221; global_colors_info=&#8221;{}&#8221;]<\/p>\n<h2>Racontez Votre Histoire Avec Autre Chose Que Des Mots<\/h2>\n<p>[\/et_pb_text][\/et_pb_column][\/et_pb_row][\/et_pb_section][et_pb_section fb_built=&#8221;1&#8243; _builder_version=&#8221;4.21.2&#8243; _module_preset=&#8221;default&#8221; custom_padding=&#8221;20px||20px||false|false&#8221; global_colors_info=&#8221;{}&#8221;][et_pb_row _builder_version=&#8221;4.21.2&#8243; _module_preset=&#8221;default&#8221; global_colors_info=&#8221;{}&#8221;][et_pb_column type=&#8221;4_4&#8243; _builder_version=&#8221;4.21.2&#8243; _module_preset=&#8221;default&#8221; global_colors_info=&#8221;{}&#8221;][et_pb_divider color=&#8221;#0099e5&#8243; divider_position=&#8221;center&#8221; divider_weight=&#8221;2px&#8221; _builder_version=&#8221;4.21.2&#8243; _module_preset=&#8221;default&#8221; max_width=&#8221;50px&#8221; module_alignment=&#8221;center&#8221; global_colors_info=&#8221;{}&#8221;][\/et_pb_divider][\/et_pb_column][\/et_pb_row][\/et_pb_section][et_pb_section fb_built=&#8221;1&#8243; fullwidth=&#8221;on&#8221; _builder_version=&#8221;4.21.2&#8243; _module_preset=&#8221;default&#8221; global_colors_info=&#8221;{}&#8221;][et_pb_fullwidth_slider _builder_version=&#8221;4.21.2&#8243; _module_preset=&#8221;default&#8221; content_width=&#8221;50%&#8221; custom_padding=&#8221;40%||40%||false|false&#8221; box_shadow_style=&#8221;preset6&#8243; box_shadow_blur=&#8221;10px&#8221; box_shadow_color=&#8221;rgba(0,0,0,0.1)&#8221; global_colors_info=&#8221;{}&#8221;][et_pb_slide heading=&#8221;Mariage&#8221; button_text=&#8221;Portfolio&#8221; button_link=&#8221;https:\/\/www.mcos.be\/project\/mariage\/&#8221; use_bg_overlay=&#8221;on&#8221; bg_overlay_color=&#8221;rgba(0,0,0,0.5)&#8221; _builder_version=&#8221;4.21.2&#8243; _module_preset=&#8221;default&#8221; background_color=&#8221;#FFFFFF&#8221; background_enable_color=&#8221;on&#8221; background_image=&#8221;https:\/\/www.mcos.be\/wp-content\/uploads\/2023\/08\/Wedding-MD-011.jpg&#8221; background_enable_image=&#8221;on&#8221; global_colors_info=&#8221;{}&#8221; sticky_transition=&#8221;on&#8221;][\/et_pb_slide][et_pb_slide heading=&#8221;Famille&#8221; button_text=&#8221;Portfolio&#8221; button_link=&#8221;https:\/\/www.mcos.be\/project\/famille\/&#8221; use_bg_overlay=&#8221;on&#8221; bg_overlay_color=&#8221;rgba(0,0,0,0.5)&#8221; _builder_version=&#8221;4.21.2&#8243; _module_preset=&#8221;default&#8221; background_color=&#8221;#FFFFFF&#8221; background_enable_color=&#8221;on&#8221; background_image=&#8221;https:\/\/www.mcos.be\/wp-content\/uploads\/2023\/08\/Family-MD-003.jpg&#8221; background_enable_image=&#8221;on&#8221; global_colors_info=&#8221;{}&#8221; sticky_transition=&#8221;on&#8221;][\/et_pb_slide][et_pb_slide heading=&#8221;Portrait&#8221; button_text=&#8221;Portfolio&#8221; button_link=&#8221;https:\/\/www.mcos.be\/project\/portrait-de-femmes\/&#8221; use_bg_overlay=&#8221;on&#8221; bg_overlay_color=&#8221;rgba(0,0,0,0.5)&#8221; _builder_version=&#8221;4.21.2&#8243; _module_preset=&#8221;default&#8221; background_color=&#8221;#FFFFFF&#8221; background_enable_color=&#8221;on&#8221; background_image=&#8221;https:\/\/www.mcos.be\/wp-content\/uploads\/2023\/08\/Portrait-Women-MD-001.jpg&#8221; background_enable_image=&#8221;on&#8221; global_colors_info=&#8221;{}&#8221; sticky_transition=&#8221;on&#8221;][\/et_pb_slide][et_pb_slide heading=&#8221;Reportage \/ Ev\u00e9nementiel&#8221; button_text=&#8221;Portfolio&#8221; button_link=&#8221;https:\/\/www.mcos.be\/project\/reportage\/&#8221; use_bg_overlay=&#8221;on&#8221; bg_overlay_color=&#8221;rgba(0,0,0,0.5)&#8221; _builder_version=&#8221;4.21.2&#8243; _module_preset=&#8221;default&#8221; background_color=&#8221;#FFFFFF&#8221; background_enable_color=&#8221;on&#8221; background_image=&#8221;https:\/\/www.mcos.be\/wp-content\/uploads\/2023\/08\/PopInTheCity-MD-007.jpg&#8221; background_enable_image=&#8221;on&#8221; global_colors_info=&#8221;{}&#8221; sticky_transition=&#8221;on&#8221;][\/et_pb_slide][et_pb_slide heading=&#8221;Paysage&#8221; button_text=&#8221;Portfolio&#8221; button_link=&#8221;https:\/\/www.mcos.be\/photography\/&#8221; use_bg_overlay=&#8221;on&#8221; bg_overlay_color=&#8221;rgba(0,0,0,0.5)&#8221; _builder_version=&#8221;4.21.2&#8243; _module_preset=&#8221;default&#8221; background_color=&#8221;#FFFFFF&#8221; background_enable_color=&#8221;on&#8221; background_image=&#8221;https:\/\/www.mcos.be\/wp-content\/uploads\/2023\/06\/2018-london-MD-001.jpg&#8221; background_enable_image=&#8221;on&#8221; global_colors_info=&#8221;{}&#8221; sticky_transition=&#8221;on&#8221;][\/et_pb_slide][et_pb_slide heading=&#8221;Culinaire&#8221; button_text=&#8221;Portfolio&#8221; button_link=&#8221;https:\/\/www.mcos.be\/photography\/&#8221; use_bg_overlay=&#8221;on&#8221; bg_overlay_color=&#8221;rgba(0,0,0,0.5)&#8221; _builder_version=&#8221;4.21.2&#8243; _module_preset=&#8221;default&#8221; background_color=&#8221;#FFFFFF&#8221; background_enable_color=&#8221;on&#8221; background_image=&#8221;https:\/\/www.mcos.be\/wp-content\/uploads\/2023\/06\/2019-cuisine-MD-001.jpg&#8221; background_enable_image=&#8221;on&#8221; global_colors_info=&#8221;{}&#8221; sticky_transition=&#8221;on&#8221;][\/et_pb_slide][\/et_pb_fullwidth_slider][\/et_pb_section]<\/p>","protected":false},"excerpt":{"rendered":"<p>Les d\u00e9tails font la perfection, et la perfection n&#8217;est pas un d\u00e9tail. Leonardo da VinciTrouvez la prestation parfaite pour vous et vos besoins. Voir Prestations (Packages)Reportage \/ Ev\u00e8nementLa photographie de reportage et d&#8217;\u00e9v\u00e8nement est une forme de storytelling qui retranscrit vos exp\u00e9rience du moment que vous passez.Portrait&#8221;L\u2019une des cl\u00e9s de la r\u00e9ussite d\u2019un portrait est [&hellip;]<\/p>","protected":false},"author":1,"featured_media":0,"parent":0,"menu_order":0,"comment_status":"closed","ping_status":"closed","template":"","meta":{"_et_pb_use_builder":"on","_et_pb_old_content":"","_et_gb_content_width":"","footnotes":""},"class_list":["post-965","page","type-page","status-publish","hentry"],"yoast_head":"<!-- This site is optimized with the Yoast SEO plugin v26.4 - https:\/\/yoast.com\/wordpress\/plugins\/seo\/ -->\n<title>Home - MCOS Photography<\/title>\n<meta name=\"description\" content=\"Studio photo de prestige \u00e0 Zaventem. unPacte vous propose des exp\u00e9riences photographiques haut de gamme, uniques et personnalis\u00e9es.\" \/>\n<meta name=\"robots\" content=\"index, follow, max-snippet:-1, max-image-preview:large, max-video-preview:-1\" \/>\n<link rel=\"canonical\" href=\"https:\/\/www.mcos.be\/en\/\" \/>\n<meta property=\"og:locale\" content=\"en_GB\" \/>\n<meta property=\"og:type\" content=\"article\" \/>\n<meta property=\"og:title\" content=\"Home - MCOS Photography\" \/>\n<meta property=\"og:description\" content=\"Studio photo de prestige \u00e0 Zaventem. unPacte vous propose des exp\u00e9riences photographiques haut de gamme, uniques et personnalis\u00e9es.\" \/>\n<meta property=\"og:url\" content=\"https:\/\/www.mcos.be\/en\/\" \/>\n<meta property=\"og:site_name\" content=\"MCOS Photography\" \/>\n<meta property=\"article:publisher\" content=\"https:\/\/www.facebook.com\/CyrilleMCOS\/\" \/>\n<meta property=\"article:modified_time\" content=\"2025-11-25T10:57:24+00:00\" \/>\n<meta name=\"twitter:card\" content=\"summary_large_image\" \/>\n<meta name=\"twitter:site\" content=\"@CyrilleMcos\" \/>\n<meta name=\"twitter:label1\" content=\"Estimated reading time\" \/>\n\t<meta name=\"twitter:data1\" content=\"3 minutes\" \/>\n<script type=\"application\/ld+json\" class=\"yoast-schema-graph\">{\"@context\":\"https:\/\/schema.org\",\"@graph\":[{\"@type\":\"WebPage\",\"@id\":\"https:\/\/www.mcos.be\/\",\"url\":\"https:\/\/www.mcos.be\/\",\"name\":\"Home - MCOS Photography\",\"isPartOf\":{\"@id\":\"https:\/\/www.mcos.be\/#website\"},\"datePublished\":\"2023-08-10T11:42:03+00:00\",\"dateModified\":\"2025-11-25T10:57:24+00:00\",\"description\":\"Studio photo de prestige \u00e0 Zaventem. unPacte vous propose des exp\u00e9riences photographiques haut de gamme, uniques et personnalis\u00e9es.\",\"breadcrumb\":{\"@id\":\"https:\/\/www.mcos.be\/#breadcrumb\"},\"inLanguage\":\"en-GB\",\"potentialAction\":[{\"@type\":\"ReadAction\",\"target\":[\"https:\/\/www.mcos.be\/\"]}]},{\"@type\":\"BreadcrumbList\",\"@id\":\"https:\/\/www.mcos.be\/#breadcrumb\",\"itemListElement\":[{\"@type\":\"ListItem\",\"position\":1,\"name\":\"Home\",\"item\":\"https:\/\/www.mcos.be\/\"},{\"@type\":\"ListItem\",\"position\":2,\"name\":\"Home\"}]},{\"@type\":\"WebSite\",\"@id\":\"https:\/\/www.mcos.be\/#website\",\"url\":\"https:\/\/www.mcos.be\/\",\"name\":\"MCOS Photography\",\"description\":\"Cyrille Pastorek - Photographe de Mariage et de Famille\",\"publisher\":{\"@id\":\"https:\/\/www.mcos.be\/#organization\"},\"potentialAction\":[{\"@type\":\"SearchAction\",\"target\":{\"@type\":\"EntryPoint\",\"urlTemplate\":\"https:\/\/www.mcos.be\/?s={search_term_string}\"},\"query-input\":{\"@type\":\"PropertyValueSpecification\",\"valueRequired\":true,\"valueName\":\"search_term_string\"}}],\"inLanguage\":\"en-GB\"},{\"@type\":\"Organization\",\"@id\":\"https:\/\/www.mcos.be\/#organization\",\"name\":\"Multi Challenge One Solution SRL\",\"url\":\"https:\/\/www.mcos.be\/\",\"logo\":{\"@type\":\"ImageObject\",\"inLanguage\":\"en-GB\",\"@id\":\"https:\/\/www.mcos.be\/#\/schema\/logo\/image\/\",\"url\":\"https:\/\/www.mcos.be\/wp-content\/uploads\/2024\/07\/cyrille-pastorek-mcos-photography-logo-600x300-1.webp\",\"contentUrl\":\"https:\/\/www.mcos.be\/wp-content\/uploads\/2024\/07\/cyrille-pastorek-mcos-photography-logo-600x300-1.webp\",\"width\":601,\"height\":301,\"caption\":\"Multi Challenge One Solution SRL\"},\"image\":{\"@id\":\"https:\/\/www.mcos.be\/#\/schema\/logo\/image\/\"},\"sameAs\":[\"https:\/\/www.facebook.com\/CyrilleMCOS\/\",\"https:\/\/x.com\/CyrilleMcos\",\"https:\/\/www.instagram.com\/cyrille_mcos\/\",\"https:\/\/www.linkedin.com\/in\/pastorekcyrille\/\"]}]}<\/script>\n<!-- \/ Yoast SEO plugin. -->","yoast_head_json":{"title":"Home - MCOS Photography","description":"Studio photo de prestige \u00e0 Zaventem. unPacte vous propose des exp\u00e9riences photographiques haut de gamme, uniques et personnalis\u00e9es.","robots":{"index":"index","follow":"follow","max-snippet":"max-snippet:-1","max-image-preview":"max-image-preview:large","max-video-preview":"max-video-preview:-1"},"canonical":"https:\/\/www.mcos.be\/en\/","og_locale":"en_GB","og_type":"article","og_title":"Home - MCOS Photography","og_description":"Studio photo de prestige \u00e0 Zaventem. unPacte vous propose des exp\u00e9riences photographiques haut de gamme, uniques et personnalis\u00e9es.","og_url":"https:\/\/www.mcos.be\/en\/","og_site_name":"MCOS Photography","article_publisher":"https:\/\/www.facebook.com\/CyrilleMCOS\/","article_modified_time":"2025-11-25T10:57:24+00:00","twitter_card":"summary_large_image","twitter_site":"@CyrilleMcos","twitter_misc":{"Estimated reading time":"3 minutes"},"schema":{"@context":"https:\/\/schema.org","@graph":[{"@type":"WebPage","@id":"https:\/\/www.mcos.be\/","url":"https:\/\/www.mcos.be\/","name":"Home - MCOS Photography","isPartOf":{"@id":"https:\/\/www.mcos.be\/#website"},"datePublished":"2023-08-10T11:42:03+00:00","dateModified":"2025-11-25T10:57:24+00:00","description":"Studio photo de prestige \u00e0 Zaventem. unPacte vous propose des exp\u00e9riences photographiques haut de gamme, uniques et personnalis\u00e9es.","breadcrumb":{"@id":"https:\/\/www.mcos.be\/#breadcrumb"},"inLanguage":"en-GB","potentialAction":[{"@type":"ReadAction","target":["https:\/\/www.mcos.be\/"]}]},{"@type":"BreadcrumbList","@id":"https:\/\/www.mcos.be\/#breadcrumb","itemListElement":[{"@type":"ListItem","position":1,"name":"Home","item":"https:\/\/www.mcos.be\/"},{"@type":"ListItem","position":2,"name":"Home"}]},{"@type":"WebSite","@id":"https:\/\/www.mcos.be\/#website","url":"https:\/\/www.mcos.be\/","name":"MCOS Photography","description":"Cyrille Pastorek - Photographe de Mariage et de Famille","publisher":{"@id":"https:\/\/www.mcos.be\/#organization"},"potentialAction":[{"@type":"SearchAction","target":{"@type":"EntryPoint","urlTemplate":"https:\/\/www.mcos.be\/?s={search_term_string}"},"query-input":{"@type":"PropertyValueSpecification","valueRequired":true,"valueName":"search_term_string"}}],"inLanguage":"en-GB"},{"@type":"Organization","@id":"https:\/\/www.mcos.be\/#organization","name":"Multi Challenge One Solution SRL","url":"https:\/\/www.mcos.be\/","logo":{"@type":"ImageObject","inLanguage":"en-GB","@id":"https:\/\/www.mcos.be\/#\/schema\/logo\/image\/","url":"https:\/\/www.mcos.be\/wp-content\/uploads\/2024\/07\/cyrille-pastorek-mcos-photography-logo-600x300-1.webp","contentUrl":"https:\/\/www.mcos.be\/wp-content\/uploads\/2024\/07\/cyrille-pastorek-mcos-photography-logo-600x300-1.webp","width":601,"height":301,"caption":"Multi Challenge One Solution SRL"},"image":{"@id":"https:\/\/www.mcos.be\/#\/schema\/logo\/image\/"},"sameAs":["https:\/\/www.facebook.com\/CyrilleMCOS\/","https:\/\/x.com\/CyrilleMcos","https:\/\/www.instagram.com\/cyrille_mcos\/","https:\/\/www.linkedin.com\/in\/pastorekcyrille\/"]}]}},"_links":{"self":[{"href":"https:\/\/www.mcos.be\/en\/wp-json\/wp\/v2\/pages\/965","targetHints":{"allow":["GET"]}}],"collection":[{"href":"https:\/\/www.mcos.be\/en\/wp-json\/wp\/v2\/pages"}],"about":[{"href":"https:\/\/www.mcos.be\/en\/wp-json\/wp\/v2\/types\/page"}],"author":[{"embeddable":true,"href":"https:\/\/www.mcos.be\/en\/wp-json\/wp\/v2\/users\/1"}],"replies":[{"embeddable":true,"href":"https:\/\/www.mcos.be\/en\/wp-json\/wp\/v2\/comments?post=965"}],"version-history":[{"count":11,"href":"https:\/\/www.mcos.be\/en\/wp-json\/wp\/v2\/pages\/965\/revisions"}],"predecessor-version":[{"id":1145,"href":"https:\/\/www.mcos.be\/en\/wp-json\/wp\/v2\/pages\/965\/revisions\/1145"}],"wp:attachment":[{"href":"https:\/\/www.mcos.be\/en\/wp-json\/wp\/v2\/media?parent=965"}],"curies":[{"name":"wp","href":"https:\/\/api.w.org\/{rel}","templated":true}]}}