{"id":987,"date":"2023-08-10T13:07:25","date_gmt":"2023-08-10T12:07:25","guid":{"rendered":"https:\/\/www.mcos.be\/?page_id=987"},"modified":"2025-03-14T09:52:28","modified_gmt":"2025-03-14T08:52:28","slug":"autres-seances","status":"publish","type":"page","link":"https:\/\/www.mcos.be\/en\/autres-seances\/","title":{"rendered":"Autres S\u00e9ances"},"content":{"rendered":"<p>[et_pb_section fb_built=&#8221;1&#8243; _builder_version=&#8221;4.21.2&#8243; _module_preset=&#8221;default&#8221; custom_padding=&#8221;0px||0px||false|false&#8221; global_colors_info=&#8221;{}&#8221;][et_pb_row _builder_version=&#8221;4.21.2&#8243; _module_preset=&#8221;default&#8221; global_colors_info=&#8221;{}&#8221;][et_pb_column type=&#8221;4_4&#8243; _builder_version=&#8221;4.21.2&#8243; _module_preset=&#8221;default&#8221; global_colors_info=&#8221;{}&#8221;][et_pb_text _builder_version=&#8221;4.21.2&#8243; _module_preset=&#8221;default&#8221; custom_padding=&#8221;0px||0px||false|false&#8221;]<\/p>\n<h1 style=\"text-align: center;\">Prestations<\/h1>\n<p>[\/et_pb_text][\/et_pb_column][\/et_pb_row][\/et_pb_section][et_pb_section fb_built=&#8221;1&#8243; _builder_version=&#8221;4.21.2&#8243; _module_preset=&#8221;default&#8221; custom_padding=&#8221;0px||0px||false|false&#8221; global_colors_info=&#8221;{}&#8221;][et_pb_row column_structure=&#8221;1_3,1_3,1_3&#8243; _builder_version=&#8221;4.21.2&#8243; _module_preset=&#8221;default&#8221; global_colors_info=&#8221;{}&#8221;][et_pb_column type=&#8221;1_3&#8243; _builder_version=&#8221;4.21.2&#8243; _module_preset=&#8221;default&#8221; box_shadow_style=&#8221;preset4&#8243; box_shadow_horizontal=&#8221;0px&#8221; box_shadow_vertical=&#8221;0px&#8221; box_shadow_color=&#8221;#f9f9f9&#8243; global_colors_info=&#8221;{}&#8221;][et_pb_image src=&#8221;https:\/\/www.mcos.be\/wp-content\/uploads\/2023\/06\/photographer-icon-02.png&#8221; title_text=&#8221;photographer-icon-02&#8243; _builder_version=&#8221;4.21.2&#8243; _module_preset=&#8221;default&#8221; global_colors_info=&#8221;{}&#8221;][\/et_pb_image][et_pb_text _builder_version=&#8221;4.21.2&#8243; _module_preset=&#8221;default&#8221;]<\/p>\n<h3>Reportage \/ Ev\u00e8nement<\/h3>\n<p>[\/et_pb_text][et_pb_text _builder_version=&#8221;4.21.2&#8243; _module_preset=&#8221;default&#8221;]<\/p>\n<p style=\"text-align: justify;\">La photographie de reportage et d&#8217;\u00e9v\u00e8nement est une forme de storytelling qui retranscrit vos exp\u00e9rience du moment que vous passez.<\/p>\n<p>[\/et_pb_text][\/et_pb_column][et_pb_column type=&#8221;1_3&#8243; _builder_version=&#8221;4.21.2&#8243; _module_preset=&#8221;default&#8221; box_shadow_style=&#8221;preset4&#8243; box_shadow_horizontal=&#8221;0px&#8221; box_shadow_vertical=&#8221;0px&#8221; box_shadow_color=&#8221;#f9f9f9&#8243; global_colors_info=&#8221;{}&#8221;][et_pb_image src=&#8221;https:\/\/www.mcos.be\/wp-content\/uploads\/2023\/06\/photographer-icon-06.png&#8221; title_text=&#8221;photographer-icon-06&#8243; _builder_version=&#8221;4.21.2&#8243; _module_preset=&#8221;default&#8221; global_colors_info=&#8221;{}&#8221;][\/et_pb_image][et_pb_text _builder_version=&#8221;4.21.2&#8243; _module_preset=&#8221;default&#8221;]<\/p>\n<h3>Portrait<\/h3>\n<p>[\/et_pb_text][et_pb_text _builder_version=&#8221;4.21.2&#8243; _module_preset=&#8221;default&#8221;]<\/p>\n<p style=\"text-align: justify;\">&#8220;L\u2019une des cl\u00e9s de la r\u00e9ussite d\u2019un portrait est le lien que vous tissez avec le sujet.&#8221;<\/p>\n<p style=\"text-align: right;\">Anthony Pidgeon<\/p>\n<p>[\/et_pb_text][\/et_pb_column][et_pb_column type=&#8221;1_3&#8243; _builder_version=&#8221;4.21.2&#8243; _module_preset=&#8221;default&#8221; box_shadow_style=&#8221;preset4&#8243; box_shadow_horizontal=&#8221;0px&#8221; box_shadow_vertical=&#8221;0px&#8221; box_shadow_color=&#8221;#f9f9f9&#8243; global_colors_info=&#8221;{}&#8221;][et_pb_image src=&#8221;https:\/\/www.mcos.be\/wp-content\/uploads\/2023\/06\/photographer-icon-02.png&#8221; title_text=&#8221;photographer-icon-02&#8243; _builder_version=&#8221;4.21.2&#8243; _module_preset=&#8221;default&#8221; global_colors_info=&#8221;{}&#8221;][\/et_pb_image][et_pb_text _builder_version=&#8221;4.21.2&#8243; _module_preset=&#8221;default&#8221;]<\/p>\n<h3>Mariage<\/h3>\n<p>[\/et_pb_text][et_pb_text _builder_version=&#8221;4.21.2&#8243; _module_preset=&#8221;default&#8221;]<\/p>\n<p style=\"text-align: justify;\">Du premier regard \u00e0 la derni\u00e8re danse, le grand jour d\u2019un couple se pr\u00e9pare afin de capter tous les instants.<\/p>\n<p>[\/et_pb_text][\/et_pb_column][\/et_pb_row][et_pb_row column_structure=&#8221;1_3,1_3,1_3&#8243; _builder_version=&#8221;4.21.2&#8243; _module_preset=&#8221;default&#8221; global_colors_info=&#8221;{}&#8221;][et_pb_column type=&#8221;1_3&#8243; _builder_version=&#8221;4.21.2&#8243; _module_preset=&#8221;default&#8221; box_shadow_style=&#8221;preset4&#8243; box_shadow_horizontal=&#8221;0px&#8221; box_shadow_vertical=&#8221;0px&#8221; box_shadow_color=&#8221;#f9f9f9&#8243; global_colors_info=&#8221;{}&#8221;][et_pb_image src=&#8221;https:\/\/www.mcos.be\/wp-content\/uploads\/2023\/06\/photographer-icon-03.png&#8221; title_text=&#8221;photographer-icon-03&#8243; _builder_version=&#8221;4.21.2&#8243; _module_preset=&#8221;default&#8221; global_colors_info=&#8221;{}&#8221;][\/et_pb_image][et_pb_text _builder_version=&#8221;4.21.2&#8243; _module_preset=&#8221;default&#8221;]<\/p>\n<h3>Culinaire<\/h3>\n<p>[\/et_pb_text][et_pb_text _builder_version=&#8221;4.21.2&#8243; _module_preset=&#8221;default&#8221;]<\/p>\n<p style=\"text-align: justify;\">&#8220;L\u2019une des cl\u00e9s de la r\u00e9ussite d\u2019un portrait est le lien que vous tissez avec le sujet.&#8221;<\/p>\n<p style=\"text-align: right;\">Anthony Pidgeon<\/p>\n<p>[\/et_pb_text][\/et_pb_column][et_pb_column type=&#8221;1_3&#8243; _builder_version=&#8221;4.21.2&#8243; _module_preset=&#8221;default&#8221; box_shadow_style=&#8221;preset4&#8243; box_shadow_horizontal=&#8221;0px&#8221; box_shadow_vertical=&#8221;0px&#8221; box_shadow_color=&#8221;#f9f9f9&#8243; global_colors_info=&#8221;{}&#8221;][et_pb_image src=&#8221;https:\/\/www.mcos.be\/wp-content\/uploads\/2023\/06\/Icon-13-2.png&#8221; title_text=&#8221;Icon-13-2&#8243; _builder_version=&#8221;4.21.2&#8243; _module_preset=&#8221;default&#8221; global_colors_info=&#8221;{}&#8221;][\/et_pb_image][et_pb_text _builder_version=&#8221;4.21.2&#8243; _module_preset=&#8221;default&#8221;]<\/p>\n<h3>Architecture<\/h3>\n<p>[\/et_pb_text][et_pb_text _builder_version=&#8221;4.21.2&#8243; _module_preset=&#8221;default&#8221;]<\/p>\n<p style=\"text-align: justify;\">La photographie d\u2019architecture allie \u00e0 l\u2019art des enjeux commerciaux.<\/p>\n<p>[\/et_pb_text][\/et_pb_column][et_pb_column type=&#8221;1_3&#8243; _builder_version=&#8221;4.21.2&#8243; _module_preset=&#8221;default&#8221; box_shadow_style=&#8221;preset4&#8243; box_shadow_horizontal=&#8221;0px&#8221; box_shadow_vertical=&#8221;0px&#8221; box_shadow_color=&#8221;#f9f9f9&#8243; global_colors_info=&#8221;{}&#8221;][et_pb_image src=&#8221;https:\/\/www.mcos.be\/wp-content\/uploads\/2023\/06\/photographer-icon-06.png&#8221; title_text=&#8221;photographer-icon-06&#8243; _builder_version=&#8221;4.21.2&#8243; _module_preset=&#8221;default&#8221; global_colors_info=&#8221;{}&#8221;][\/et_pb_image][et_pb_text _builder_version=&#8221;4.21.2&#8243; _module_preset=&#8221;default&#8221;]<\/p>\n<h3>Drone<\/h3>\n<p>[\/et_pb_text][et_pb_text _builder_version=&#8221;4.21.2&#8243; _module_preset=&#8221;default&#8221;]<\/p>\n<p style=\"text-align: justify;\">La polyvalence des drones quadricopt\u00e8res donne acc\u00e8s \u00e0 des perspectives et des compositions uniques.<\/p>\n<p>[\/et_pb_text][\/et_pb_column][\/et_pb_row][et_pb_row _builder_version=&#8221;4.21.2&#8243; _module_preset=&#8221;default&#8221; global_colors_info=&#8221;{}&#8221;][et_pb_column type=&#8221;4_4&#8243; _builder_version=&#8221;4.21.2&#8243; _module_preset=&#8221;default&#8221; global_colors_info=&#8221;{}&#8221;][et_pb_button button_url=&#8221;https:\/\/www.mcos.be\/contact\/&#8221; button_text=&#8221;Discutons en ensemble&#8221; button_alignment=&#8221;center&#8221; _builder_version=&#8221;4.21.2&#8243; _module_preset=&#8221;default&#8221; global_colors_info=&#8221;{}&#8221;][\/et_pb_button][\/et_pb_column][\/et_pb_row][\/et_pb_section][et_pb_section fb_built=&#8221;1&#8243; _builder_version=&#8221;4.21.2&#8243; _module_preset=&#8221;default&#8221; custom_padding=&#8221;20px||20px||false|false&#8221; locked=&#8221;off&#8221; global_colors_info=&#8221;{}&#8221;][et_pb_row _builder_version=&#8221;4.21.2&#8243; _module_preset=&#8221;default&#8221; global_colors_info=&#8221;{}&#8221;][et_pb_column type=&#8221;4_4&#8243; _builder_version=&#8221;4.21.2&#8243; _module_preset=&#8221;default&#8221; global_colors_info=&#8221;{}&#8221;][et_pb_divider color=&#8221;#0099e5&#8243; divider_position=&#8221;center&#8221; divider_weight=&#8221;2px&#8221; _builder_version=&#8221;4.21.2&#8243; _module_preset=&#8221;default&#8221; max_width=&#8221;50px&#8221; module_alignment=&#8221;center&#8221; global_colors_info=&#8221;{}&#8221;][\/et_pb_divider][\/et_pb_column][\/et_pb_row][\/et_pb_section][et_pb_section fb_built=&#8221;1&#8243; _builder_version=&#8221;4.21.2&#8243; _module_preset=&#8221;default&#8221; custom_padding=&#8221;0px||0px||false|false&#8221; global_colors_info=&#8221;{}&#8221;][et_pb_row _builder_version=&#8221;4.21.2&#8243; _module_preset=&#8221;default&#8221; global_colors_info=&#8221;{}&#8221;][et_pb_column type=&#8221;4_4&#8243; _builder_version=&#8221;4.21.2&#8243; _module_preset=&#8221;default&#8221; global_colors_info=&#8221;{}&#8221;][et_pb_text _builder_version=&#8221;4.21.2&#8243; _module_preset=&#8221;default&#8221;]<\/p>\n<h1 style=\"text-align: center;\">Packages<\/h1>\n<p>[\/et_pb_text][\/et_pb_column][\/et_pb_row][\/et_pb_section][et_pb_section fb_built=&#8221;1&#8243; _builder_version=&#8221;4.21.2&#8243; _module_preset=&#8221;default&#8221; custom_padding=&#8221;0px||0px||false|false&#8221; global_colors_info=&#8221;{}&#8221;][et_pb_row _builder_version=&#8221;4.21.2&#8243; _module_preset=&#8221;default&#8221; global_colors_info=&#8221;{}&#8221;][et_pb_column type=&#8221;4_4&#8243; _builder_version=&#8221;4.21.2&#8243; _module_preset=&#8221;default&#8221; global_colors_info=&#8221;{}&#8221;][et_pb_slider _builder_version=&#8221;4.21.2&#8243; _module_preset=&#8221;default&#8221; body_text_align=&#8221;justify&#8221; body_font_size=&#8221;20px&#8221; body_letter_spacing=&#8221;2px&#8221; custom_padding=&#8221;60px||100px||false|false&#8221; global_colors_info=&#8221;{}&#8221;][et_pb_slide heading=&#8221;Shooting Portrait&#8221; button_text=&#8221;Prenez Contact&#8221; button_link=&#8221;https:\/\/www.mcos.be\/contact\/&#8221; image=&#8221;https:\/\/www.mcos.be\/wp-content\/uploads\/2023\/08\/Portrait-Women-MD-001-684&#215;1024.jpg&#8221; _builder_version=&#8221;4.21.2&#8243; _module_preset=&#8221;default&#8221; header_font_size=&#8221;46px&#8221; button_alignment=&#8221;center&#8221; global_colors_info=&#8221;{}&#8221; sticky_transition=&#8221;on&#8221;]<\/p>\n<h3 style=\"text-align: center;\">200\u20ac<\/h3>\n<ul>\n<li>S\u00e9ance Shooting d&#8217;une Dur\u00e9e variable entre 1 \u00e0 2 heures.<\/li>\n<li>Jusqu&#8217;\u00e0 2-3 discussions t\u00e9l\u00e9phoniques de pr\u00e9paration pour \u00e9tablir avec vous le lieu, les tenues, vos attentes.<\/li>\n<li>Une galerie des photos tri\u00e9es afin de faire votre s\u00e9lection (dans les 2 jours apr\u00e8s le shooting).<\/li>\n<li>6 photos num\u00e9riques retouch\u00e9es (peau naturelle) (Haute d\u00e9finition).<\/li>\n<li>R\u00e9ception des photos num\u00e9riques retouch\u00e9es (Haute d\u00e9finition) dans les 10 jours suivant la r\u00e9ception de votre s\u00e9lection.<\/li>\n<li>Un acompte de 200\u20ac est demand\u00e9 au plus tard 3 jours apr\u00e8s notre premier appel pour r\u00e9server le shooting sur le compte : BE39 7380 4334 9019<\/li>\n<\/ul>\n<p>[\/et_pb_slide][et_pb_slide heading=&#8221;Shooting Famille&#8221; button_text=&#8221;Prenez Contact&#8221; button_link=&#8221;https:\/\/www.mcos.be\/contact\/&#8221; image=&#8221;https:\/\/www.mcos.be\/wp-content\/uploads\/2023\/08\/Family-MD-001.jpg&#8221; _builder_version=&#8221;4.21.2&#8243; _module_preset=&#8221;default&#8221; header_font_size=&#8221;46px&#8221; button_alignment=&#8221;center&#8221; global_colors_info=&#8221;{}&#8221; sticky_transition=&#8221;on&#8221;]<\/p>\n<h3 style=\"text-align: center;\">250\u20ac<\/h3>\n<ul>\n<li>S\u00e9ance Shooting d&#8217;une Dur\u00e9e variable entre 1 \u00e0 2 heures.<\/li>\n<li>Jusqu&#8217;\u00e0 2-3 discussions t\u00e9l\u00e9phoniques de pr\u00e9paration pour \u00e9tablir avec vous le lieu, les tenues, vos attentes.<\/li>\n<li>Une galerie des photos tri\u00e9es afin de faire votre s\u00e9lection (dans les 2 jours apr\u00e8s le shooting).<\/li>\n<li>9 photos num\u00e9riques retouch\u00e9es (peau naturelle) (Haute d\u00e9finition).<\/li>\n<li>R\u00e9ception des photos num\u00e9riques retouch\u00e9es (Haute d\u00e9finition) dans les 10 jours suivant la r\u00e9ception de votre s\u00e9lection.<\/li>\n<li>Un acompte de 250\u20ac est demand\u00e9 au plus tard 3 jours apr\u00e8s notre premier appel pour r\u00e9server le shooting sur le compte : BE39 7380 4334 9019<\/li>\n<\/ul>\n<p>[\/et_pb_slide][et_pb_slide heading=&#8221;Reportage \/ Ev\u00e9nementiel&#8221; button_text=&#8221;Prenez Contact&#8221; button_link=&#8221;https:\/\/www.mcos.be\/contact\/&#8221; image=&#8221;https:\/\/www.mcos.be\/wp-content\/uploads\/2023\/08\/PopInTheCity-MD-007-684&#215;1024.jpg&#8221; _builder_version=&#8221;4.21.2&#8243; _module_preset=&#8221;default&#8221; header_font_size=&#8221;46px&#8221; button_alignment=&#8221;center&#8221; global_colors_info=&#8221;{}&#8221; sticky_transition=&#8221;on&#8221;]<\/p>\n<h3 style=\"text-align: center;\">A partir de 300\u20ac<\/h3>\n<ul>\n<li>Mariage, Bapt\u00eame, Anniversaire, Ev\u00e8nement, &#8230;<\/li>\n<li>D\u00e9finition de vos besoins par t\u00e9l\u00e9phone, en fonction de l&#8217;\u00e9v\u00e8nement, un prix sur mesure sera \u00e9tabli.<\/li>\n<li>Un tri des photos est compris avec quelques retouches (exposition, recadrage).<\/li>\n<li>En fonction des demandes compl\u00e9mentaires, le devis sera adapt\u00e9 (retouches approfondies, photos en noir et blanc, &#8230;).<\/li>\n<li>Un acompte de 300\u20ac est demand\u00e9 au plus tard 3 jours apr\u00e8s notre premier appel pour r\u00e9server le shooting sur le compte : BE39 7380 4334 9019<\/li>\n<\/ul>\n<p>[\/et_pb_slide][\/et_pb_slider][\/et_pb_column][\/et_pb_row][\/et_pb_section]<\/p>","protected":false},"excerpt":{"rendered":"<p>PrestationsReportage \/ Ev\u00e8nementLa photographie de reportage et d&#8217;\u00e9v\u00e8nement est une forme de storytelling qui retranscrit vos exp\u00e9rience du moment que vous passez.Portrait&#8221;L\u2019une des cl\u00e9s de la r\u00e9ussite d\u2019un portrait est le lien que vous tissez avec le sujet.&#8221; Anthony PidgeonMariageDu premier regard \u00e0 la derni\u00e8re danse, le grand jour d\u2019un couple se pr\u00e9pare afin de [&hellip;]<\/p>","protected":false},"author":1,"featured_media":0,"parent":0,"menu_order":0,"comment_status":"closed","ping_status":"closed","template":"","meta":{"_et_pb_use_builder":"on","_et_pb_old_content":"","_et_gb_content_width":"","footnotes":""},"class_list":["post-987","page","type-page","status-publish","hentry"],"yoast_head":"<!-- This site is optimized with the Yoast SEO plugin v26.4 - https:\/\/yoast.com\/wordpress\/plugins\/seo\/ -->\n<title>Autres S\u00e9ances - MCOS Photography<\/title>\n<meta name=\"robots\" content=\"index, follow, max-snippet:-1, max-image-preview:large, max-video-preview:-1\" \/>\n<link rel=\"canonical\" href=\"https:\/\/www.mcos.be\/en\/autres-seances\/\" \/>\n<meta property=\"og:locale\" content=\"en_GB\" \/>\n<meta property=\"og:type\" content=\"article\" \/>\n<meta property=\"og:title\" content=\"Autres S\u00e9ances - MCOS Photography\" \/>\n<meta property=\"og:description\" content=\"PrestationsReportage \/ Ev\u00e8nementLa photographie de reportage et d&#039;\u00e9v\u00e8nement est une forme de storytelling qui retranscrit vos exp\u00e9rience du moment que vous passez.Portrait&quot;L\u2019une des cl\u00e9s de la r\u00e9ussite d\u2019un portrait est le lien que vous tissez avec le sujet.&quot; Anthony PidgeonMariageDu premier regard \u00e0 la derni\u00e8re danse, le grand jour d\u2019un couple se pr\u00e9pare afin de [&hellip;]\" \/>\n<meta property=\"og:url\" content=\"https:\/\/www.mcos.be\/en\/autres-seances\/\" \/>\n<meta property=\"og:site_name\" content=\"MCOS Photography\" \/>\n<meta property=\"article:publisher\" content=\"https:\/\/www.facebook.com\/CyrilleMCOS\/\" \/>\n<meta property=\"article:modified_time\" content=\"2025-03-14T08:52:28+00:00\" \/>\n<meta name=\"twitter:card\" content=\"summary_large_image\" \/>\n<meta name=\"twitter:site\" content=\"@CyrilleMcos\" \/>\n<meta name=\"twitter:label1\" content=\"Estimated reading time\" \/>\n\t<meta name=\"twitter:data1\" content=\"4 minutes\" \/>\n<script type=\"application\/ld+json\" class=\"yoast-schema-graph\">{\"@context\":\"https:\/\/schema.org\",\"@graph\":[{\"@type\":\"WebPage\",\"@id\":\"https:\/\/www.mcos.be\/autres-seances\/\",\"url\":\"https:\/\/www.mcos.be\/autres-seances\/\",\"name\":\"Autres S\u00e9ances - MCOS Photography\",\"isPartOf\":{\"@id\":\"https:\/\/www.mcos.be\/#website\"},\"datePublished\":\"2023-08-10T12:07:25+00:00\",\"dateModified\":\"2025-03-14T08:52:28+00:00\",\"breadcrumb\":{\"@id\":\"https:\/\/www.mcos.be\/autres-seances\/#breadcrumb\"},\"inLanguage\":\"en-GB\",\"potentialAction\":[{\"@type\":\"ReadAction\",\"target\":[\"https:\/\/www.mcos.be\/autres-seances\/\"]}]},{\"@type\":\"BreadcrumbList\",\"@id\":\"https:\/\/www.mcos.be\/autres-seances\/#breadcrumb\",\"itemListElement\":[{\"@type\":\"ListItem\",\"position\":1,\"name\":\"Home\",\"item\":\"https:\/\/www.mcos.be\/\"},{\"@type\":\"ListItem\",\"position\":2,\"name\":\"Autres S\u00e9ances\"}]},{\"@type\":\"WebSite\",\"@id\":\"https:\/\/www.mcos.be\/#website\",\"url\":\"https:\/\/www.mcos.be\/\",\"name\":\"MCOS Photography\",\"description\":\"Cyrille Pastorek - Photographe de Mariage et de Famille\",\"publisher\":{\"@id\":\"https:\/\/www.mcos.be\/#organization\"},\"potentialAction\":[{\"@type\":\"SearchAction\",\"target\":{\"@type\":\"EntryPoint\",\"urlTemplate\":\"https:\/\/www.mcos.be\/?s={search_term_string}\"},\"query-input\":{\"@type\":\"PropertyValueSpecification\",\"valueRequired\":true,\"valueName\":\"search_term_string\"}}],\"inLanguage\":\"en-GB\"},{\"@type\":\"Organization\",\"@id\":\"https:\/\/www.mcos.be\/#organization\",\"name\":\"Multi Challenge One Solution SRL\",\"url\":\"https:\/\/www.mcos.be\/\",\"logo\":{\"@type\":\"ImageObject\",\"inLanguage\":\"en-GB\",\"@id\":\"https:\/\/www.mcos.be\/#\/schema\/logo\/image\/\",\"url\":\"https:\/\/www.mcos.be\/wp-content\/uploads\/2024\/07\/cyrille-pastorek-mcos-photography-logo-600x300-1.webp\",\"contentUrl\":\"https:\/\/www.mcos.be\/wp-content\/uploads\/2024\/07\/cyrille-pastorek-mcos-photography-logo-600x300-1.webp\",\"width\":601,\"height\":301,\"caption\":\"Multi Challenge One Solution SRL\"},\"image\":{\"@id\":\"https:\/\/www.mcos.be\/#\/schema\/logo\/image\/\"},\"sameAs\":[\"https:\/\/www.facebook.com\/CyrilleMCOS\/\",\"https:\/\/x.com\/CyrilleMcos\",\"https:\/\/www.instagram.com\/cyrille_mcos\/\",\"https:\/\/www.linkedin.com\/in\/pastorekcyrille\/\"]}]}<\/script>\n<!-- \/ Yoast SEO plugin. -->","yoast_head_json":{"title":"Autres S\u00e9ances - MCOS Photography","robots":{"index":"index","follow":"follow","max-snippet":"max-snippet:-1","max-image-preview":"max-image-preview:large","max-video-preview":"max-video-preview:-1"},"canonical":"https:\/\/www.mcos.be\/en\/autres-seances\/","og_locale":"en_GB","og_type":"article","og_title":"Autres S\u00e9ances - MCOS Photography","og_description":"PrestationsReportage \/ Ev\u00e8nementLa photographie de reportage et d'\u00e9v\u00e8nement est une forme de storytelling qui retranscrit vos exp\u00e9rience du moment que vous passez.Portrait\"L\u2019une des cl\u00e9s de la r\u00e9ussite d\u2019un portrait est le lien que vous tissez avec le sujet.\" Anthony PidgeonMariageDu premier regard \u00e0 la derni\u00e8re danse, le grand jour d\u2019un couple se pr\u00e9pare afin de [&hellip;]","og_url":"https:\/\/www.mcos.be\/en\/autres-seances\/","og_site_name":"MCOS Photography","article_publisher":"https:\/\/www.facebook.com\/CyrilleMCOS\/","article_modified_time":"2025-03-14T08:52:28+00:00","twitter_card":"summary_large_image","twitter_site":"@CyrilleMcos","twitter_misc":{"Estimated reading time":"4 minutes"},"schema":{"@context":"https:\/\/schema.org","@graph":[{"@type":"WebPage","@id":"https:\/\/www.mcos.be\/autres-seances\/","url":"https:\/\/www.mcos.be\/autres-seances\/","name":"Autres S\u00e9ances - MCOS Photography","isPartOf":{"@id":"https:\/\/www.mcos.be\/#website"},"datePublished":"2023-08-10T12:07:25+00:00","dateModified":"2025-03-14T08:52:28+00:00","breadcrumb":{"@id":"https:\/\/www.mcos.be\/autres-seances\/#breadcrumb"},"inLanguage":"en-GB","potentialAction":[{"@type":"ReadAction","target":["https:\/\/www.mcos.be\/autres-seances\/"]}]},{"@type":"BreadcrumbList","@id":"https:\/\/www.mcos.be\/autres-seances\/#breadcrumb","itemListElement":[{"@type":"ListItem","position":1,"name":"Home","item":"https:\/\/www.mcos.be\/"},{"@type":"ListItem","position":2,"name":"Autres S\u00e9ances"}]},{"@type":"WebSite","@id":"https:\/\/www.mcos.be\/#website","url":"https:\/\/www.mcos.be\/","name":"MCOS Photography","description":"Cyrille Pastorek - Photographe de Mariage et de Famille","publisher":{"@id":"https:\/\/www.mcos.be\/#organization"},"potentialAction":[{"@type":"SearchAction","target":{"@type":"EntryPoint","urlTemplate":"https:\/\/www.mcos.be\/?s={search_term_string}"},"query-input":{"@type":"PropertyValueSpecification","valueRequired":true,"valueName":"search_term_string"}}],"inLanguage":"en-GB"},{"@type":"Organization","@id":"https:\/\/www.mcos.be\/#organization","name":"Multi Challenge One Solution SRL","url":"https:\/\/www.mcos.be\/","logo":{"@type":"ImageObject","inLanguage":"en-GB","@id":"https:\/\/www.mcos.be\/#\/schema\/logo\/image\/","url":"https:\/\/www.mcos.be\/wp-content\/uploads\/2024\/07\/cyrille-pastorek-mcos-photography-logo-600x300-1.webp","contentUrl":"https:\/\/www.mcos.be\/wp-content\/uploads\/2024\/07\/cyrille-pastorek-mcos-photography-logo-600x300-1.webp","width":601,"height":301,"caption":"Multi Challenge One Solution SRL"},"image":{"@id":"https:\/\/www.mcos.be\/#\/schema\/logo\/image\/"},"sameAs":["https:\/\/www.facebook.com\/CyrilleMCOS\/","https:\/\/x.com\/CyrilleMcos","https:\/\/www.instagram.com\/cyrille_mcos\/","https:\/\/www.linkedin.com\/in\/pastorekcyrille\/"]}]}},"_links":{"self":[{"href":"https:\/\/www.mcos.be\/en\/wp-json\/wp\/v2\/pages\/987","targetHints":{"allow":["GET"]}}],"collection":[{"href":"https:\/\/www.mcos.be\/en\/wp-json\/wp\/v2\/pages"}],"about":[{"href":"https:\/\/www.mcos.be\/en\/wp-json\/wp\/v2\/types\/page"}],"author":[{"embeddable":true,"href":"https:\/\/www.mcos.be\/en\/wp-json\/wp\/v2\/users\/1"}],"replies":[{"embeddable":true,"href":"https:\/\/www.mcos.be\/en\/wp-json\/wp\/v2\/comments?post=987"}],"version-history":[{"count":15,"href":"https:\/\/www.mcos.be\/en\/wp-json\/wp\/v2\/pages\/987\/revisions"}],"predecessor-version":[{"id":1146,"href":"https:\/\/www.mcos.be\/en\/wp-json\/wp\/v2\/pages\/987\/revisions\/1146"}],"wp:attachment":[{"href":"https:\/\/www.mcos.be\/en\/wp-json\/wp\/v2\/media?parent=987"}],"curies":[{"name":"wp","href":"https:\/\/api.w.org\/{rel}","templated":true}]}}